{"id":463,"date":"2025-10-08T05:29:37","date_gmt":"2025-10-08T05:29:37","guid":{"rendered":"https:\/\/www.brewartcyp.com\/iletisim\/"},"modified":"2025-10-09T07:04:18","modified_gmt":"2025-10-09T07:04:18","slug":"contact","status":"publish","type":"page","link":"http:\/\/www.brewartcyp.com\/en\/contact\/","title":{"rendered":"Contact"},"content":{"rendered":"\t\t<div data-elementor-type=\"wp-page\" data-elementor-id=\"463\" class=\"elementor elementor-463 elementor-21\">\n\t\t\t\t\t\t<section class=\"wd-negative-gap elementor-section elementor-top-section elementor-element elementor-element-1221b6eb elementor-section-boxed elementor-section-height-default elementor-section-height-default\" data-id=\"1221b6eb\" data-element_type=\"section\" data-e-type=\"section\">\n\t\t\t\t\t\t<div class=\"elementor-container elementor-column-gap-default\">\n\t\t\t\t\t<div class=\"elementor-column elementor-col-50 elementor-top-column elementor-element elementor-element-a882ef3\" data-id=\"a882ef3\" data-element_type=\"column\" data-e-type=\"column\">\n\t\t\t<div class=\"elementor-widget-wrap elementor-element-populated\">\n\t\t\t\t\t\t<div class=\"elementor-element elementor-element-149fcb58 wd-width-100 elementor-widget elementor-widget-wd_title\" data-id=\"149fcb58\" data-element_type=\"widget\" data-e-type=\"widget\" data-widget_type=\"wd_title.default\">\n\t\t\t\t<div class=\"elementor-widget-container\">\n\t\t\t\t\t\t\t<div class=\"title-wrapper wd-set-mb reset-last-child wd-title-color-default wd-title-style-bordered wd-title-size-default text-left\">\n\n\t\t\t\n\t\t\t<div class=\"liner-continer\">\n\t\t\t\t<h4 class=\"woodmart-title-container title wd-fontsize-l\">Write to Us<\/h4> \n\t\t\t\t\t\t\t<\/div>\n\n\t\t\t\t\t<\/div>\n\t\t\t\t\t\t<\/div>\n\t\t\t\t<\/div>\n\t\t\t\t<div class=\"elementor-element elementor-element-32459fc9 wd-cf7 elementor-widget elementor-widget-wd_contact_form_7\" data-id=\"32459fc9\" data-element_type=\"widget\" data-e-type=\"widget\" data-widget_type=\"wd_contact_form_7.default\">\n\t\t\t\t<div class=\"elementor-widget-container\">\n\t\t\t\t\t\n<div class=\"wpcf7 no-js\" id=\"wpcf7-f462-o1\" lang=\"tr-TR\" dir=\"ltr\" data-wpcf7-id=\"462\">\n<div class=\"screen-reader-response\"><p role=\"status\" aria-live=\"polite\" aria-atomic=\"true\"><\/p> <ul><\/ul><\/div>\n<form action=\"\/en\/wp-json\/wp\/v2\/pages\/463#wpcf7-f462-o1\" method=\"post\" class=\"wpcf7-form init\" aria-label=\"\u0130leti\u015fim Formu\" novalidate=\"novalidate\" data-status=\"init\">\n<fieldset class=\"hidden-fields-container\"><input type=\"hidden\" name=\"_wpcf7\" value=\"462\" \/><input type=\"hidden\" name=\"_wpcf7_version\" value=\"6.1.5\" \/><input type=\"hidden\" name=\"_wpcf7_locale\" value=\"tr_TR\" \/><input type=\"hidden\" name=\"_wpcf7_unit_tag\" value=\"wpcf7-f462-o1\" \/><input type=\"hidden\" name=\"_wpcf7_container_post\" value=\"0\" \/><input type=\"hidden\" name=\"_wpcf7_posted_data_hash\" value=\"\" \/>\n<\/fieldset>\n<div class=\"cf7-brewartcyp\">\n\t<p><label> Name Surname<br \/>\n<span class=\"wpcf7-form-control-wrap\" data-name=\"name1\"><input size=\"40\" maxlength=\"400\" class=\"wpcf7-form-control wpcf7-text wpcf7-validates-as-required\" aria-required=\"true\" aria-invalid=\"false\" placeholder=\"Name Surname\" value=\"\" type=\"text\" name=\"name1\" \/><\/span><br \/>\n<\/label>\n\t<\/p>\n\t<p><label> Phone Number<br \/>\n<span class=\"wpcf7-form-control-wrap\" data-name=\"your-phone\"><input size=\"40\" maxlength=\"400\" class=\"wpcf7-form-control wpcf7-tel wpcf7-validates-as-required wpcf7-text wpcf7-validates-as-tel\" aria-required=\"true\" aria-invalid=\"false\" placeholder=\"0 (5__) ___ __ __\" value=\"\" type=\"tel\" name=\"your-phone\" \/><\/span><br \/>\n<\/label>\n\t<\/p>\n\t<p><label> Email Address<br \/>\n<span class=\"wpcf7-form-control-wrap\" data-name=\"your-email\"><input size=\"40\" maxlength=\"400\" class=\"wpcf7-form-control wpcf7-email wpcf7-validates-as-required wpcf7-text wpcf7-validates-as-email\" aria-required=\"true\" aria-invalid=\"false\" placeholder=\"example@mail.com\" value=\"\" type=\"email\" name=\"your-email\" \/><\/span><br \/>\n<\/label>\n\t<\/p>\n\t<p><label> Subject<br \/>\n<span class=\"wpcf7-form-control-wrap\" data-name=\"your-subject\"><input size=\"40\" maxlength=\"400\" class=\"wpcf7-form-control wpcf7-text wpcf7-validates-as-required\" aria-required=\"true\" aria-invalid=\"false\" placeholder=\"Subject\" value=\"\" type=\"text\" name=\"your-subject\" \/><\/span><br \/>\n<\/label>\n\t<\/p>\n\t<p><label> Your Message<br \/>\n<span class=\"wpcf7-form-control-wrap\" data-name=\"your-message\"><textarea cols=\"40\" rows=\"10\" maxlength=\"2000\" class=\"wpcf7-form-control wpcf7-textarea wpcf7-validates-as-required\" aria-required=\"true\" aria-invalid=\"false\" placeholder=\"Write Message\" name=\"your-message\"><\/textarea><\/span><br \/>\n<\/label>\n\t<\/p>\n\t<p><input class=\"wpcf7-form-control wpcf7-submit has-spinner\" type=\"submit\" value=\"Send\" \/>\n\t<\/p>\n<\/div><div class=\"wpcf7-response-output\" aria-hidden=\"true\"><\/div>\n<\/form>\n<\/div>\n\t\t\t\t<\/div>\n\t\t\t\t<\/div>\n\t\t\t\t\t<\/div>\n\t\t<\/div>\n\t\t\t\t<div class=\"elementor-column elementor-col-50 elementor-top-column elementor-element elementor-element-1ec6bb75\" data-id=\"1ec6bb75\" data-element_type=\"column\" data-e-type=\"column\">\n\t\t\t<div class=\"elementor-widget-wrap elementor-element-populated\">\n\t\t\t\t\t\t<div class=\"elementor-element elementor-element-5b5f7a9 wd-width-100 elementor-widget elementor-widget-wd_title\" data-id=\"5b5f7a9\" data-element_type=\"widget\" data-e-type=\"widget\" data-widget_type=\"wd_title.default\">\n\t\t\t\t<div class=\"elementor-widget-container\">\n\t\t\t\t\t\t\t<div class=\"title-wrapper wd-set-mb reset-last-child wd-title-color-default wd-title-style-bordered wd-title-size-default text-left\">\n\n\t\t\t\n\t\t\t<div class=\"liner-continer\">\n\t\t\t\t<h4 class=\"woodmart-title-container title wd-fontsize-l\">BREWART <\/h4> \n\t\t\t\t\t\t\t<\/div>\n\n\t\t\t\t\t<\/div>\n\t\t\t\t\t\t<\/div>\n\t\t\t\t<\/div>\n\t\t\t\t<div class=\"elementor-element elementor-element-42eab8b5 elementor-widget elementor-widget-wd_text_block\" data-id=\"42eab8b5\" data-element_type=\"widget\" data-e-type=\"widget\" data-widget_type=\"wd_text_block.default\">\n\t\t\t\t<div class=\"elementor-widget-container\">\n\t\t\t\t\t\t\t<div class=\"wd-text-block reset-last-child text-left\">\n\t\t\t\n\t\t\t<p>You can contact us with any questions you may have, for product information, or to learn about our sales locations. Use the channels below to reach us.<\/p><p>We'll be sure to get back to you as soon as possible.<\/p>\n\t\t\t\t\t<\/div>\n\t\t\t\t\t\t<\/div>\n\t\t\t\t<\/div>\n\t\t\t\t<div class=\"elementor-element elementor-element-635f966b wd-width-100 elementor-widget elementor-widget-wd_title\" data-id=\"635f966b\" data-element_type=\"widget\" data-e-type=\"widget\" data-widget_type=\"wd_title.default\">\n\t\t\t\t<div class=\"elementor-widget-container\">\n\t\t\t\t\t\t\t<div class=\"title-wrapper wd-set-mb reset-last-child wd-title-color-default wd-title-style-bordered wd-title-size-default text-left\">\n\n\t\t\t\n\t\t\t<div class=\"liner-continer\">\n\t\t\t\t<h4 class=\"woodmart-title-container title wd-fontsize-l\">Communication Channels<\/h4> \n\t\t\t\t\t\t\t<\/div>\n\n\t\t\t\t\t<\/div>\n\t\t\t\t\t\t<\/div>\n\t\t\t\t<\/div>\n\t\t\t\t<section class=\"wd-negative-gap elementor-section elementor-inner-section elementor-element elementor-element-565d0caa elementor-section-boxed elementor-section-height-default elementor-section-height-default\" data-id=\"565d0caa\" data-element_type=\"section\" data-e-type=\"section\">\n\t\t\t\t\t\t<div class=\"elementor-container elementor-column-gap-extended\">\n\t\t\t\t\t<div class=\"elementor-column elementor-col-50 elementor-inner-column elementor-element elementor-element-77ee2aba\" data-id=\"77ee2aba\" data-element_type=\"column\" data-e-type=\"column\">\n\t\t\t<div class=\"elementor-widget-wrap elementor-element-populated\">\n\t\t\t\t\t\t<div class=\"elementor-element elementor-element-41f34d2c elementor-widget elementor-widget-wd_infobox\" data-id=\"41f34d2c\" data-element_type=\"widget\" data-e-type=\"widget\" data-widget_type=\"wd_infobox.default\">\n\t\t\t\t<div class=\"elementor-widget-container\">\n\t\t\t\t\t\t\t<div class=\"info-box-wrapper\">\n\t\t\t<div class=\"wd-info-box text-left box-icon-align-left box-style-base color-scheme- wd-items-top\">\n\t\t\t\t\t\t\t\t\t<div class=\"box-icon-wrapper  box-with-icon box-icon-simple\">\n\t\t\t\t\t\t<div class=\"info-box-icon\">\n\t\t\t\t\t\t\t\t\t\t\t\t\t\t\t<div class=\"info-svg-wrapper\" style=\"width:40px; height:40px;\"><img loading=\"lazy\" decoding=\"async\"  src=\"http:\/\/www.brewartcyp.com\/wp-content\/uploads\/2025\/10\/w-cellphone.svg\" title=\"w-cellphone.svg\" loading=\"lazy\" width=\"40\" height=\"40\"><\/div>\t\t\t\t\t\t\t\t\t\t\t\t\t<\/div>\n\t\t\t\t\t<\/div>\n\t\t\t\t\n\t\t\t\t<div class=\"info-box-content\">\n\t\t\t\t\t\n\t\t\t\t\t\n\t\t\t\t\t<div class=\"info-box-inner reset-last-child\"data-elementor-setting-key=\"content\"><p><b>Telefon: <\/b>+90 539 102 20 21<br \/><span style=\"color: #333333;\"><strong>Email:<\/strong><\/span> info@brewartcyp.c.om<\/p>\n<\/div>\n\n\t\t\t\t\t\t\t\t\t<\/div>\n\n\t\t\t\t\t\t\t<\/div>\n\t\t<\/div>\n\t\t\t\t\t\t<\/div>\n\t\t\t\t<\/div>\n\t\t\t\t<div class=\"elementor-element elementor-element-49879823 elementor-widget elementor-widget-wd_infobox\" data-id=\"49879823\" data-element_type=\"widget\" data-e-type=\"widget\" data-widget_type=\"wd_infobox.default\">\n\t\t\t\t<div class=\"elementor-widget-container\">\n\t\t\t\t\t\t\t<div class=\"info-box-wrapper\">\n\t\t\t<div class=\"wd-info-box text-left box-icon-align-left box-style-base color-scheme- wd-items-top\">\n\t\t\t\t\t\t\t\t\t<div class=\"box-icon-wrapper  box-with-icon box-icon-simple\">\n\t\t\t\t\t\t<div class=\"info-box-icon\">\n\t\t\t\t\t\t\t\t\t\t\t\t\t\t\t<div class=\"info-svg-wrapper\" style=\"width:40px; height:40px;\"><img loading=\"lazy\" decoding=\"async\"  src=\"http:\/\/www.brewartcyp.com\/wp-content\/uploads\/2025\/10\/w-airplane.svg\" title=\"w-airplane.svg\" loading=\"lazy\" width=\"40\" height=\"40\"><\/div>\t\t\t\t\t\t\t\t\t\t\t\t\t<\/div>\n\t\t\t\t\t<\/div>\n\t\t\t\t\n\t\t\t\t<div class=\"info-box-content\">\n\t\t\t\t\t\n\t\t\t\t\t\n\t\t\t\t\t<div class=\"info-box-inner reset-last-child\"data-elementor-setting-key=\"content\"><p>Visit us.<\/p>\n<\/div>\n\n\t\t\t\t\t\t\t\t\t<\/div>\n\n\t\t\t\t\t\t\t<\/div>\n\t\t<\/div>\n\t\t\t\t\t\t<\/div>\n\t\t\t\t<\/div>\n\t\t\t\t\t<\/div>\n\t\t<\/div>\n\t\t\t\t<div class=\"elementor-column elementor-col-50 elementor-top-column elementor-element elementor-element-146ff441\" data-id=\"146ff441\" data-element_type=\"column\" data-e-type=\"column\">\n\t\t\t<div class=\"elementor-widget-wrap elementor-element-populated\">\n\t\t\t\t\t\t<div class=\"elementor-element elementor-element-5f16b46d elementor-widget elementor-widget-wd_infobox\" data-id=\"5f16b46d\" data-element_type=\"widget\" data-e-type=\"widget\" data-widget_type=\"wd_infobox.default\">\n\t\t\t\t<div class=\"elementor-widget-container\">\n\t\t\t\t\t\t\t<div class=\"info-box-wrapper\">\n\t\t\t<div class=\"wd-info-box text-left box-icon-align-left box-style-base color-scheme- wd-items-top\">\n\t\t\t\t\t\t\t\t\t<div class=\"box-icon-wrapper  box-with-icon box-icon-simple\">\n\t\t\t\t\t\t<div class=\"info-box-icon\">\n\t\t\t\t\t\t\t\t\t\t\t\t\t\t\t<div class=\"info-svg-wrapper\" style=\"width:40px; height:40px;\"><img loading=\"lazy\" decoding=\"async\"  src=\"http:\/\/www.brewartcyp.com\/wp-content\/uploads\/2025\/10\/w-chat.svg\" title=\"w-chat.svg\" loading=\"lazy\" width=\"40\" height=\"40\"><\/div>\t\t\t\t\t\t\t\t\t\t\t\t\t<\/div>\n\t\t\t\t\t<\/div>\n\t\t\t\t\n\t\t\t\t<div class=\"info-box-content\">\n\t\t\t\t\t\n\t\t\t\t\t\n\t\t\t\t\t<div class=\"info-box-inner reset-last-child\"data-elementor-setting-key=\"content\"><p>Get Support<\/p>\n<p>From the Contact Forum<\/p>\n<\/div>\n\n\t\t\t\t\t\t\t\t\t<\/div>\n\n\t\t\t\t\t\t\t<\/div>\n\t\t<\/div>\n\t\t\t\t\t\t<\/div>\n\t\t\t\t<\/div>\n\t\t\t\t<div class=\"elementor-element elementor-element-7790e0a4 elementor-widget elementor-widget-wd_infobox\" data-id=\"7790e0a4\" data-element_type=\"widget\" data-e-type=\"widget\" data-widget_type=\"wd_infobox.default\">\n\t\t\t\t<div class=\"elementor-widget-container\">\n\t\t\t\t\t\t\t<div class=\"info-box-wrapper\">\n\t\t\t<div class=\"wd-info-box text-left box-icon-align-left box-style-base color-scheme- wd-items-top\">\n\t\t\t\t\t\t\t\t\t<div class=\"box-icon-wrapper  box-with-icon box-icon-simple\">\n\t\t\t\t\t\t<div class=\"info-box-icon\">\n\t\t\t\t\t\t\t\t\t\t\t\t\t\t\t<div class=\"info-svg-wrapper\" style=\"width:40px; height:40px;\"><img loading=\"lazy\" decoding=\"async\"  src=\"http:\/\/www.brewartcyp.com\/wp-content\/uploads\/2025\/10\/w-map-placeholder.svg\" title=\"w-map-placeholder.svg\" loading=\"lazy\" width=\"40\" height=\"40\"><\/div>\t\t\t\t\t\t\t\t\t\t\t\t\t<\/div>\n\t\t\t\t\t<\/div>\n\t\t\t\t\n\t\t\t\t<div class=\"info-box-content\">\n\t\t\t\t\t\n\t\t\t\t\t\n\t\t\t\t\t<div class=\"info-box-inner reset-last-child\"data-elementor-setting-key=\"content\"><p><span style=\"color: #333333;\"><strong>Address:<\/strong><\/span> P\u0131narba\u015f\u0131 Selvi Sokak No :1 , Kyrenia, Cyprus<\/p>\n<\/div>\n\n\t\t\t\t\t\t\t\t\t<\/div>\n\n\t\t\t\t\t\t\t<\/div>\n\t\t<\/div>\n\t\t\t\t\t\t<\/div>\n\t\t\t\t<\/div>\n\t\t\t\t\t<\/div>\n\t\t<\/div>\n\t\t\t\t\t<\/div>\n\t\t<\/section>\n\t\t\t\t<div class=\"elementor-element elementor-element-4b3734ac elementor-widget elementor-widget-wd_text_block\" data-id=\"4b3734ac\" data-element_type=\"widget\" data-e-type=\"widget\" data-widget_type=\"wd_text_block.default\">\n\t\t\t\t<div class=\"elementor-widget-container\">\n\t\t\t\t\t\t\t<div class=\"wd-text-block reset-last-child text-left color-title\">\n\t\t\t\n\t\t\t<iframe src=\"https:\/\/www.google.com\/maps\/embed?pb=!1m18!1m12!1m3!1d3256.9423178547236!2d33.257188012232746!3d35.28256037260475!2m3!1f0!2f0!3f0!3m2!1i1024!2i768!4f13.1!3m3!1m2!1s0x14de1337ffe22fb7%3A0x8352dec9c3d88e67!2sCyprus%20BrewArt%20Industry!5e0!3m2!1str!2s!4v1759990951735!5m2!1str!2s\" width=\"800\" height=\"350\" style=\"border:0;\" allowfullscreen=\"\" loading=\"lazy\" referrerpolicy=\"no-referrer-when-downgrade\"><\/iframe>\n\t\t\t\t\t<\/div>\n\t\t\t\t\t\t<\/div>\n\t\t\t\t<\/div>\n\t\t\t\t\t<\/div>\n\t\t<\/div>\n\t\t\t\t\t<\/div>\n\t\t<\/section>\n\t\t\t\t<\/div>\n\t\t","protected":false},"excerpt":{"rendered":"<p>Write to Us Name Surname Phone Number Email Address Subject Your Message BREWART You can contact us with any questions<\/p>\n","protected":false},"author":1,"featured_media":0,"parent":0,"menu_order":0,"comment_status":"closed","ping_status":"closed","template":"elementor_header_footer","meta":{"footnotes":""},"class_list":["post-463","page","type-page","status-publish","hentry"],"yoast_head":"<!-- This site is optimized with the Yoast SEO plugin v27.5 - https:\/\/yoast.com\/product\/yoast-seo-wordpress\/ -->\n<title>Contact - Brewart | Local Craft Beer Brewer<\/title>\n<meta name=\"robots\" content=\"index, follow, max-snippet:-1, max-image-preview:large, max-video-preview:-1\" \/>\n<link rel=\"canonical\" href=\"http:\/\/www.brewartcyp.com\/en\/contact\/\" \/>\n<meta property=\"og:locale\" content=\"en_US\" \/>\n<meta property=\"og:type\" content=\"article\" \/>\n<meta property=\"og:title\" content=\"Contact - Brewart | Local Craft Beer Brewer\" \/>\n<meta property=\"og:description\" content=\"Write to Us Name Surname Phone Number Email Address Subject Your Message BREWART You can contact us with any questions\" \/>\n<meta property=\"og:url\" content=\"http:\/\/www.brewartcyp.com\/en\/contact\/\" \/>\n<meta property=\"og:site_name\" content=\"Brewart | Local Craft Beer Brewer\" \/>\n<meta property=\"article:modified_time\" content=\"2025-10-09T07:04:18+00:00\" \/>\n<meta property=\"og:image\" content=\"http:\/\/www.brewartcyp.com\/wp-content\/uploads\/2025\/10\/w-cellphone.svg\" \/>\n<meta name=\"twitter:card\" content=\"summary_large_image\" \/>\n<meta name=\"twitter:label1\" content=\"Est. reading time\" \/>\n\t<meta name=\"twitter:data1\" content=\"2 minutes\" \/>\n<script type=\"application\/ld+json\" class=\"yoast-schema-graph\">{\"@context\":\"https:\\\/\\\/schema.org\",\"@graph\":[{\"@type\":\"WebPage\",\"@id\":\"http:\\\/\\\/www.brewartcyp.com\\\/en\\\/contact\\\/\",\"url\":\"http:\\\/\\\/www.brewartcyp.com\\\/en\\\/contact\\\/\",\"name\":\"Contact - Brewart | Local Craft Beer Brewer\",\"isPartOf\":{\"@id\":\"https:\\\/\\\/www.brewartcyp.com\\\/en\\\/#website\"},\"primaryImageOfPage\":{\"@id\":\"http:\\\/\\\/www.brewartcyp.com\\\/en\\\/contact\\\/#primaryimage\"},\"image\":{\"@id\":\"http:\\\/\\\/www.brewartcyp.com\\\/en\\\/contact\\\/#primaryimage\"},\"thumbnailUrl\":\"http:\\\/\\\/www.brewartcyp.com\\\/wp-content\\\/uploads\\\/2025\\\/10\\\/w-cellphone.svg\",\"datePublished\":\"2025-10-08T05:29:37+00:00\",\"dateModified\":\"2025-10-09T07:04:18+00:00\",\"breadcrumb\":{\"@id\":\"http:\\\/\\\/www.brewartcyp.com\\\/en\\\/contact\\\/#breadcrumb\"},\"inLanguage\":\"en-US\",\"potentialAction\":[{\"@type\":\"ReadAction\",\"target\":[\"http:\\\/\\\/www.brewartcyp.com\\\/en\\\/contact\\\/\"]}]},{\"@type\":\"ImageObject\",\"inLanguage\":\"en-US\",\"@id\":\"http:\\\/\\\/www.brewartcyp.com\\\/en\\\/contact\\\/#primaryimage\",\"url\":\"http:\\\/\\\/www.brewartcyp.com\\\/wp-content\\\/uploads\\\/2025\\\/10\\\/w-cellphone.svg\",\"contentUrl\":\"http:\\\/\\\/www.brewartcyp.com\\\/wp-content\\\/uploads\\\/2025\\\/10\\\/w-cellphone.svg\"},{\"@type\":\"BreadcrumbList\",\"@id\":\"http:\\\/\\\/www.brewartcyp.com\\\/en\\\/contact\\\/#breadcrumb\",\"itemListElement\":[{\"@type\":\"ListItem\",\"position\":1,\"name\":\"Anasayfa\",\"item\":\"https:\\\/\\\/www.brewartcyp.com\\\/en\\\/\"},{\"@type\":\"ListItem\",\"position\":2,\"name\":\"Contact\"}]},{\"@type\":\"WebSite\",\"@id\":\"https:\\\/\\\/www.brewartcyp.com\\\/en\\\/#website\",\"url\":\"https:\\\/\\\/www.brewartcyp.com\\\/en\\\/\",\"name\":\"Brewart | Local Craft Beer Brewer\",\"description\":\"Brewart | Local Craft Beer Producer Wine, Beer & Spirits Store Local Kraft Beer and Zivania Production Factory\",\"potentialAction\":[{\"@type\":\"SearchAction\",\"target\":{\"@type\":\"EntryPoint\",\"urlTemplate\":\"https:\\\/\\\/www.brewartcyp.com\\\/en\\\/?s={search_term_string}\"},\"query-input\":{\"@type\":\"PropertyValueSpecification\",\"valueRequired\":true,\"valueName\":\"search_term_string\"}}],\"inLanguage\":\"en-US\"}]}<\/script>\n<!-- \/ Yoast SEO plugin. -->","yoast_head_json":{"title":"Contact - Brewart | Local Craft Beer Brewer","robots":{"index":"index","follow":"follow","max-snippet":"max-snippet:-1","max-image-preview":"max-image-preview:large","max-video-preview":"max-video-preview:-1"},"canonical":"http:\/\/www.brewartcyp.com\/en\/contact\/","og_locale":"en_US","og_type":"article","og_title":"Contact - Brewart | Local Craft Beer Brewer","og_description":"Write to Us Name Surname Phone Number Email Address Subject Your Message BREWART You can contact us with any questions","og_url":"http:\/\/www.brewartcyp.com\/en\/contact\/","og_site_name":"Brewart | Local Craft Beer Brewer","article_modified_time":"2025-10-09T07:04:18+00:00","og_image":[{"url":"http:\/\/www.brewartcyp.com\/wp-content\/uploads\/2025\/10\/w-cellphone.svg","type":"","width":"","height":""}],"twitter_card":"summary_large_image","twitter_misc":{"Est. reading time":"2 minutes"},"schema":{"@context":"https:\/\/schema.org","@graph":[{"@type":"WebPage","@id":"http:\/\/www.brewartcyp.com\/en\/contact\/","url":"http:\/\/www.brewartcyp.com\/en\/contact\/","name":"Contact - Brewart | Local Craft Beer Brewer","isPartOf":{"@id":"https:\/\/www.brewartcyp.com\/en\/#website"},"primaryImageOfPage":{"@id":"http:\/\/www.brewartcyp.com\/en\/contact\/#primaryimage"},"image":{"@id":"http:\/\/www.brewartcyp.com\/en\/contact\/#primaryimage"},"thumbnailUrl":"http:\/\/www.brewartcyp.com\/wp-content\/uploads\/2025\/10\/w-cellphone.svg","datePublished":"2025-10-08T05:29:37+00:00","dateModified":"2025-10-09T07:04:18+00:00","breadcrumb":{"@id":"http:\/\/www.brewartcyp.com\/en\/contact\/#breadcrumb"},"inLanguage":"en-US","potentialAction":[{"@type":"ReadAction","target":["http:\/\/www.brewartcyp.com\/en\/contact\/"]}]},{"@type":"ImageObject","inLanguage":"en-US","@id":"http:\/\/www.brewartcyp.com\/en\/contact\/#primaryimage","url":"http:\/\/www.brewartcyp.com\/wp-content\/uploads\/2025\/10\/w-cellphone.svg","contentUrl":"http:\/\/www.brewartcyp.com\/wp-content\/uploads\/2025\/10\/w-cellphone.svg"},{"@type":"BreadcrumbList","@id":"http:\/\/www.brewartcyp.com\/en\/contact\/#breadcrumb","itemListElement":[{"@type":"ListItem","position":1,"name":"Anasayfa","item":"https:\/\/www.brewartcyp.com\/en\/"},{"@type":"ListItem","position":2,"name":"Contact"}]},{"@type":"WebSite","@id":"https:\/\/www.brewartcyp.com\/en\/#website","url":"https:\/\/www.brewartcyp.com\/en\/","name":"Brewart | Local Craft Beer Brewer","description":"Brewart | Local Craft Beer Producer Wine, Beer & Spirits Store Local Kraft Beer and Zivania Production Factory","potentialAction":[{"@type":"SearchAction","target":{"@type":"EntryPoint","urlTemplate":"https:\/\/www.brewartcyp.com\/en\/?s={search_term_string}"},"query-input":{"@type":"PropertyValueSpecification","valueRequired":true,"valueName":"search_term_string"}}],"inLanguage":"en-US"}]}},"_links":{"self":[{"href":"http:\/\/www.brewartcyp.com\/en\/wp-json\/wp\/v2\/pages\/463","targetHints":{"allow":["GET"]}}],"collection":[{"href":"http:\/\/www.brewartcyp.com\/en\/wp-json\/wp\/v2\/pages"}],"about":[{"href":"http:\/\/www.brewartcyp.com\/en\/wp-json\/wp\/v2\/types\/page"}],"author":[{"embeddable":true,"href":"http:\/\/www.brewartcyp.com\/en\/wp-json\/wp\/v2\/users\/1"}],"replies":[{"embeddable":true,"href":"http:\/\/www.brewartcyp.com\/en\/wp-json\/wp\/v2\/comments?post=463"}],"version-history":[{"count":4,"href":"http:\/\/www.brewartcyp.com\/en\/wp-json\/wp\/v2\/pages\/463\/revisions"}],"predecessor-version":[{"id":471,"href":"http:\/\/www.brewartcyp.com\/en\/wp-json\/wp\/v2\/pages\/463\/revisions\/471"}],"wp:attachment":[{"href":"http:\/\/www.brewartcyp.com\/en\/wp-json\/wp\/v2\/media?parent=463"}],"curies":[{"name":"wp","href":"https:\/\/api.w.org\/{rel}","templated":true}]}}